{"id":90,"date":"2017-08-14T13:05:00","date_gmt":"2017-08-14T13:05:00","guid":{"rendered":"https:\/\/erhanturkan.com.tr\/?page_id=90"},"modified":"2019-08-19T13:48:01","modified_gmt":"2019-08-19T10:48:01","slug":"home-1","status":"publish","type":"page","link":"https:\/\/erhanturkan.com.tr\/","title":{"rendered":"Home 1"},"content":{"rendered":"<p>[vc_row][vc_column]<div id=\"widget_slider_389598643\" class=\"widget_area sc_widget_slider vc_widget_slider wpb_content_element\"><aside id=\"widget_slider_389598643_widget\" class=\"widget widget_slider\">\t\t\t<div class=\"slider_wrap slider_engine_revo slider_alias_main\">\n\t\t\t\t<link href=\"https:\/\/fonts.googleapis.com\/css?family=Roboto+Condensed:700%2C400%7CRoboto:400\" rel=\"stylesheet\" property=\"stylesheet\" type=\"text\/css\" media=\"all\">\n<div id=\"rev_slider_1_1_wrapper\" class=\"rev_slider_wrapper fullscreen-container\" data-source=\"gallery\" style=\"background:transparent;padding:0px;\">\n<!-- START REVOLUTION SLIDER 5.4.7.4 fullscreen mode -->\n\t<div id=\"rev_slider_1_1\" class=\"rev_slider fullscreenbanner\" style=\"display:none;\" data-version=\"5.4.7.4\">\n<ul>\t<!-- SLIDE  -->\n\t<li data-index=\"rs-1\" data-transition=\"fade\" data-slotamount=\"default\" data-hideafterloop=\"0\" data-hideslideonmobile=\"off\"  data-easein=\"default\" data-easeout=\"default\" data-masterspeed=\"300\"  data-thumb=\"https:\/\/erhanturkan.com.tr\/wp-content\/uploads\/2019\/08\/adale-2t-100x50.jpg\"  data-rotate=\"0\"  data-saveperformance=\"off\"  data-title=\"Slide\" data-param1=\"\" data-param2=\"\" data-param3=\"\" data-param4=\"\" data-param5=\"\" data-param6=\"\" data-param7=\"\" data-param8=\"\" data-param9=\"\" data-param10=\"\" data-description=\"\">\n\t\t<!-- MAIN IMAGE -->\n\t\t<img src=\"https:\/\/erhanturkan.com.tr\/wp-content\/uploads\/2019\/08\/adale-2t.jpg\"  alt=\"\" title=\"adale-2t\"  width=\"702\" height=\"392\" data-bgposition=\"center center\" data-bgfit=\"cover\" data-bgrepeat=\"no-repeat\" class=\"rev-slidebg\" data-no-retina>\n\t\t<!-- LAYERS -->\n\n\t\t<!-- LAYER NR. 1 -->\n\t\t<div class=\"tp-caption trx-main-text-1   tp-resizeme\" \n\t\t\t id=\"slide-1-layer-1\" \n\t\t\t data-x=\"30\" \n\t\t\t data-y=\"center\" data-voffset=\"-85\" \n\t\t\t\t\t\tdata-width=\"['auto']\"\n\t\t\tdata-height=\"['auto']\"\n \n\t\t\tdata-type=\"text\" \n\t\t\tdata-responsive_offset=\"on\" \n\n\t\t\tdata-frames='[{\"delay\":200,\"speed\":700,\"frame\":\"0\",\"from\":\"y:-50px;opacity:0;\",\"to\":\"o:1;\",\"ease\":\"Power3.easeInOut\"},{\"delay\":\"wait\",\"speed\":600,\"frame\":\"999\",\"to\":\"opacity:0;\",\"ease\":\"Power3.easeInOut\"}]'\n\t\t\tdata-textAlign=\"['inherit','inherit','inherit','inherit']\"\n\t\t\tdata-paddingtop=\"[0,0,0,0]\"\n\t\t\tdata-paddingright=\"[0,0,0,0]\"\n\t\t\tdata-paddingbottom=\"[0,0,0,0]\"\n\t\t\tdata-paddingleft=\"[0,0,0,0]\"\n\n\t\t\tstyle=\"z-index: 5; white-space: nowrap; letter-spacing: -1px;\">Yerelde g\u00fc\u00e7l\u00fc, B\u00f6lgede  <br\/>\n etkili, D\u00fcnyada sayg\u0131n <\/div>\n\n\t\t<!-- LAYER NR. 2 -->\n\t\t<div class=\"tp-caption trx-text-des-1   tp-resizeme\" \n\t\t\t id=\"slide-1-layer-2\" \n\t\t\t data-x=\"30\" \n\t\t\t data-y=\"center\" data-voffset=\"55\" \n\t\t\t\t\t\tdata-width=\"['auto']\"\n\t\t\tdata-height=\"['auto']\"\n\t\t\tdata-visibility=\"['on','on','off','off']\"\n \n\t\t\tdata-type=\"text\" \n\t\t\tdata-responsive_offset=\"on\" \n\n\t\t\tdata-frames='[{\"delay\":200,\"speed\":700,\"frame\":\"0\",\"from\":\"y:50px;opacity:0;\",\"to\":\"o:1;\",\"ease\":\"Power3.easeInOut\"},{\"delay\":\"wait\",\"speed\":600,\"frame\":\"999\",\"to\":\"opacity:0;\",\"ease\":\"Power3.easeInOut\"}]'\n\t\t\tdata-textAlign=\"['inherit','inherit','inherit','inherit']\"\n\t\t\tdata-paddingtop=\"[0,0,0,0]\"\n\t\t\tdata-paddingright=\"[0,0,0,0]\"\n\t\t\tdata-paddingbottom=\"[0,0,0,0]\"\n\t\t\tdata-paddingleft=\"[0,0,0,0]\"\n\n\t\t\tstyle=\"z-index: 6; white-space: nowrap; color: rgba(255,255,255,0.82); letter-spacing: 0px;\">Konular\u0131nda uzman ekibimizle, m\u00fcvekkillerine \u00e7ok \u00e7e\u015fitli hukuki  <br\/>hizmet sa\u011flayan, \u00e7\u00f6z\u00fcm odakl\u0131, g\u00fcvenilir bir hukuk b\u00fcrosuyuz..<br\/>\n <\/div>\n\n\t\t<!-- LAYER NR. 3 -->\n\t\t<div class=\"tp-caption trx-button-1 rev-btn   rev-link\" \n\t\t\t id=\"slide-1-layer-3\" \n\t\t\t data-x=\"31\" \n\t\t\t data-y=\"center\" data-voffset=\"160\" \n\t\t\t\t\t\tdata-width=\"['auto']\"\n\t\t\tdata-height=\"['auto']\"\n \n\t\t\tdata-type=\"button\" \n\t\t\tdata-actions='[{\"event\":\"click\",\"action\":\"simplelink\",\"target\":\"_self\",\"url\":\"\\\/index.php\\\/about-us-style-1\\\/\",\"delay\":\"\"}]'\n\t\t\tdata-responsive_offset=\"on\" \n\t\t\tdata-responsive=\"off\"\n\t\t\tdata-frames='[{\"delay\":200,\"speed\":700,\"frame\":\"0\",\"from\":\"y:50px;opacity:0;\",\"to\":\"o:1;\",\"ease\":\"Power3.easeInOut\"},{\"delay\":\"wait\",\"speed\":600,\"frame\":\"999\",\"to\":\"opacity:0;\",\"ease\":\"Power3.easeInOut\"},{\"frame\":\"hover\",\"speed\":\"0\",\"ease\":\"Linear.easeNone\",\"to\":\"o:1;rX:0;rY:0;rZ:0;z:0;\",\"style\":\"c:rgb(255,255,255);bg:rgb(84,199,159);bs:solid;bw:0 0 0 0;\"}]'\n\t\t\tdata-textAlign=\"['inherit','inherit','inherit','inherit']\"\n\t\t\tdata-paddingtop=\"[22,22,22,22]\"\n\t\t\tdata-paddingright=\"[107,107,107,107]\"\n\t\t\tdata-paddingbottom=\"[22,22,22,22]\"\n\t\t\tdata-paddingleft=\"[22,22,22,22]\"\n\n\t\t\tstyle=\"z-index: 7; white-space: nowrap; letter-spacing: 1px;text-transform:uppercase;border-color:rgba(0,0,0,1);outline:none;box-shadow:none;box-sizing:border-box;-moz-box-sizing:border-box;-webkit-box-sizing:border-box;cursor:pointer;\">Hakk\u0131m\u0131zda <\/div>\n\n\t\t<!-- LAYER NR. 4 -->\n\t\t<div class=\"tp-caption trx-button-1 rev-btn   rev-link-icon\" \n\t\t\t id=\"slide-1-layer-4\" \n\t\t\t data-x=\"291\" \n\t\t\t data-y=\"center\" data-voffset=\"160\" \n\t\t\t\t\t\tdata-width=\"['auto']\"\n\t\t\tdata-height=\"['auto']\"\n\t\t\tdata-visibility=\"['on','on','on','off']\"\n \n\t\t\tdata-type=\"button\" \n\t\t\tdata-actions='[{\"event\":\"click\",\"action\":\"simplelink\",\"target\":\"_self\",\"url\":\"\\\/index.php\\\/contacts\\\/\",\"delay\":\"\"}]'\n\t\t\tdata-responsive_offset=\"on\" \n\t\t\tdata-responsive=\"off\"\n\t\t\tdata-frames='[{\"delay\":200,\"speed\":700,\"frame\":\"0\",\"from\":\"y:50px;opacity:0;\",\"to\":\"o:1;\",\"ease\":\"Power3.easeInOut\"},{\"delay\":\"wait\",\"speed\":600,\"frame\":\"999\",\"to\":\"opacity:0;\",\"ease\":\"Power3.easeInOut\"},{\"frame\":\"hover\",\"speed\":\"0\",\"ease\":\"Linear.easeNone\",\"to\":\"o:1;rX:0;rY:0;rZ:0;z:0;\",\"style\":\"c:rgb(255,255,255);bg:rgba(84,199,159,0);bs:solid;bw:0 0 0 0;\"}]'\n\t\t\tdata-textAlign=\"['inherit','inherit','inherit','inherit']\"\n\t\t\tdata-paddingtop=\"[22,22,22,22]\"\n\t\t\tdata-paddingright=\"[22,22,22,22]\"\n\t\t\tdata-paddingbottom=\"[22,22,22,22]\"\n\t\t\tdata-paddingleft=\"[53,53,53,53]\"\n\n\t\t\tstyle=\"z-index: 8; white-space: nowrap; letter-spacing: 1px;text-transform:uppercase;background-color:rgba(69,186,141,0);border-color:rgba(0,0,0,1);outline:none;box-shadow:none;box-sizing:border-box;-moz-box-sizing:border-box;-webkit-box-sizing:border-box;cursor:pointer;\">\u0130leti\u015fim\n <\/div>\n\t<\/li>\n<\/ul>\n<div style=\"\" class=\"tp-static-layers\">\n\n\t\t<!-- LAYER NR. 5 -->\n\t\t<div class=\"tp-caption trx-scroll    scroll-line tp-static-layer\" \n\t\t\t id=\"slider-1-layer-5\" \n\t\t\t data-x=\"center\" data-hoffset=\"\" \n\t\t\t data-y=\"bottom\" data-voffset=\"\" \n\t\t\t\t\t\tdata-width=\"['auto']\"\n\t\t\tdata-height=\"['auto']\"\n\t\t\tdata-visibility=\"['on','on','off','off']\"\n \n\t\t\tdata-type=\"text\" \n\t\t\tdata-actions='[{\"event\":\"click\",\"action\":\"scrollbelow\",\"offset\":\"px\",\"delay\":\"\",\"speed\":\"500\",\"ease\":\"Linear.easeNone\"}]'\n\t\t\tdata-basealign=\"slide\" \n\t\t\tdata-responsive_offset=\"off\" \n\t\t\tdata-responsive=\"off\"\n\t\t\tdata-startslide=\"0\" \n\t\t\tdata-endslide=\"0\" \n\t\t\tdata-frames='[{\"delay\":0,\"speed\":300,\"frame\":\"0\",\"from\":\"opacity:0;\",\"to\":\"o:1;\",\"ease\":\"Power3.easeInOut\"},{\"delay\":\"wait\",\"speed\":300,\"frame\":\"999\",\"to\":\"opacity:0;\",\"ease\":\"Power3.easeInOut\"}]'\n\t\t\tdata-textAlign=\"['inherit','inherit','inherit','inherit']\"\n\t\t\tdata-paddingtop=\"[0,0,0,0]\"\n\t\t\tdata-paddingright=\"[0,0,0,0]\"\n\t\t\tdata-paddingbottom=\"[0,0,0,0]\"\n\t\t\tdata-paddingleft=\"[0,0,0,0]\"\n\n\t\t\tstyle=\"z-index: 15; white-space: nowrap; letter-spacing: 1px;text-transform:uppercase;\">SCROLL down <\/div>\n<\/div>\n<script>var htmlDiv = document.getElementById(\"rs-plugin-settings-inline-css\"); var htmlDivCss=\"\";\r\n\t\t\t\t\t\tif(htmlDiv) {\r\n\t\t\t\t\t\t\thtmlDiv.innerHTML = htmlDiv.innerHTML + htmlDivCss;\r\n\t\t\t\t\t\t}else{\r\n\t\t\t\t\t\t\tvar htmlDiv = document.createElement(\"div\");\r\n\t\t\t\t\t\t\thtmlDiv.innerHTML = \"<style>\" + htmlDivCss + \"<\/style>\";\r\n\t\t\t\t\t\t\tdocument.getElementsByTagName(\"head\")[0].appendChild(htmlDiv.childNodes[0]);\r\n\t\t\t\t\t\t}\r\n\t\t\t\t\t<\/script>\n<div class=\"tp-bannertimer tp-bottom\" style=\"visibility: hidden !important;\"><\/div>\t<\/div>\n<script>var htmlDiv = document.getElementById(\"rs-plugin-settings-inline-css\"); var htmlDivCss=\".tp-caption.trx-main-text-1,.trx-main-text-1{color:#ffffff;font-size:80px;line-height:80px;font-weight:700;font-style:normal;font-family:Roboto Condensed;text-decoration:none;background-color:transparent;border-color:transparent;border-style:none;border-width:0 0 0 0px;border-radius:0 0 0 0px}.tp-caption.trx-text-des-1,.trx-text-des-1{color:#ffffff;font-size:18px;line-height:27px;font-weight:400;font-style:normal;font-family:Roboto;text-decoration:none;background-color:transparent;border-color:transparent;border-style:none;border-width:0 0 0 0px;border-radius:0 0 0 0px}.tp-caption.trx-button-1,.trx-button-1{color:rgba(255,255,255,1);font-size:12px;line-height:16px;font-weight:700;font-style:normal;font-family:Roboto Condensed;text-decoration:none;background-color:#45ba8d;border-color:rgba(0,0,0,1);border-style:solid;border-width:0 0 0 0px;border-radius:0px 0px 0px 0px}.tp-caption.trx-button-1:hover,.trx-button-1:hover{color:#ffffff;text-decoration:none;background-color:#54c79f;border-color:rgba(0,0,0,1);border-style:solid;border-width:0 0 0 0px;border-radius:0px 0px 0px 0px;cursor:pointer}.tp-caption.trx-scroll,.trx-scroll{color:#ffffff;font-size:11px;line-height:14px;font-weight:400;font-style:normal;font-family:Roboto Condensed;text-decoration:none;background-color:transparent;border-color:transparent;border-style:none;border-width:0 0 0 0px;border-radius:0 0 0 0px}\";\r\n\t\t\t\tif(htmlDiv) {\r\n\t\t\t\t\thtmlDiv.innerHTML = htmlDiv.innerHTML + htmlDivCss;\r\n\t\t\t\t}else{\r\n\t\t\t\t\tvar htmlDiv = document.createElement(\"div\");\r\n\t\t\t\t\thtmlDiv.innerHTML = \"<style>\" + htmlDivCss + \"<\/style>\";\r\n\t\t\t\t\tdocument.getElementsByTagName(\"head\")[0].appendChild(htmlDiv.childNodes[0]);\r\n\t\t\t\t}\r\n\t\t\t<\/script>\n\t\t<script type=\"text\/javascript\">\r\nif (setREVStartSize!==undefined) setREVStartSize(\r\n\t{c: '#rev_slider_1_1', gridwidth: [1220], gridheight: [868], sliderLayout: 'fullscreen', fullScreenAutoWidth:'off', fullScreenAlignForce:'off', fullScreenOffsetContainer:'', fullScreenOffset:''});\r\n\t\t\t\r\nvar revapi1,\r\n\ttpj;\t\r\n(function() {\t\t\t\r\n\tif (!\/loaded|interactive|complete\/.test(document.readyState)) document.addEventListener(\"DOMContentLoaded\",onLoad); else onLoad();\t\r\n\tfunction onLoad() {\t\t\t\t\r\n\t\tif (tpj===undefined) { tpj = jQuery; if(\"off\" == \"on\") tpj.noConflict();}\r\n\tif(tpj(\"#rev_slider_1_1\").revolution == undefined){\n\t\trevslider_showDoubleJqueryError(\"#rev_slider_1_1\");\n\t}else{\n\t\trevapi1 = tpj(\"#rev_slider_1_1\").show().revolution({\n\t\t\tsliderType:\"standard\",\n\t\t\tjsFileLocation:\"\/\/erhanturkan.com.tr\/wp-content\/plugins\/revslider\/public\/assets\/js\/\",\n\t\t\tsliderLayout:\"fullscreen\",\n\t\t\tdottedOverlay:\"none\",\n\t\t\tdelay:9000,\n\t\t\tnavigation: {\n\t\t\t\tkeyboardNavigation:\"off\",\n\t\t\t\tkeyboard_direction: \"horizontal\",\n\t\t\t\tmouseScrollNavigation:\"off\",\n \t\t\t\t\t\t\tmouseScrollReverse:\"default\",\n\t\t\t\tonHoverStop:\"off\",\n\t\t\t\ttouch:{\n\t\t\t\t\ttouchenabled:\"on\",\n\t\t\t\t\ttouchOnDesktop:\"on\",\n\t\t\t\t\tswipe_threshold: 75,\n\t\t\t\t\tswipe_min_touches: 1,\n\t\t\t\t\tswipe_direction: \"horizontal\",\n\t\t\t\t\tdrag_block_vertical: false\n\t\t\t\t}\n\t\t\t\t,\n\t\t\t\tarrows: {\n\t\t\t\t\tstyle:\"hesperiden\",\n\t\t\t\t\tenable:true,\n\t\t\t\t\thide_onmobile:true,\n\t\t\t\t\thide_under:1398,\n\t\t\t\t\thide_onleave:false,\n\t\t\t\t\ttmp:'',\n\t\t\t\t\tleft: {\n\t\t\t\t\t\th_align:\"left\",\n\t\t\t\t\t\tv_align:\"center\",\n\t\t\t\t\t\th_offset:74,\n\t\t\t\t\t\tv_offset:0\n\t\t\t\t\t},\n\t\t\t\t\tright: {\n\t\t\t\t\t\th_align:\"right\",\n\t\t\t\t\t\tv_align:\"center\",\n\t\t\t\t\t\th_offset:74,\n\t\t\t\t\t\tv_offset:0\n\t\t\t\t\t}\n\t\t\t\t}\n\t\t\t},\n\t\t\tvisibilityLevels:[1240,1024,778,480],\n\t\t\tgridwidth:1220,\n\t\t\tgridheight:868,\n\t\t\tlazyType:\"none\",\n\t\t\tshadow:0,\n\t\t\tspinner:\"spinner0\",\n\t\t\tstopLoop:\"off\",\n\t\t\tstopAfterLoops:-1,\n\t\t\tstopAtSlide:-1,\n\t\t\tshuffle:\"off\",\n\t\t\tautoHeight:\"off\",\n\t\t\tfullScreenAutoWidth:\"off\",\n\t\t\tfullScreenAlignForce:\"off\",\n\t\t\tfullScreenOffsetContainer: \"\",\n\t\t\tfullScreenOffset: \"\",\n\t\t\tdisableProgressBar:\"on\",\n\t\t\thideThumbsOnMobile:\"off\",\n\t\t\thideSliderAtLimit:0,\n\t\t\thideCaptionAtLimit:0,\n\t\t\thideAllCaptionAtLilmit:0,\n\t\t\tdebugMode:false,\n\t\t\tfallbacks: {\n\t\t\t\tsimplifyAll:\"off\",\n\t\t\t\tnextSlideOnWindowFocus:\"off\",\n\t\t\t\tdisableFocusListener:false,\n\t\t\t}\n\t\t});\n\t}; \/* END OF revapi call *\/\n\t\n }; \/* END OF ON LOAD FUNCTION *\/\r\n}()); \/* END OF WRAPPING FUNCTION *\/\r\n<\/script>\r\n\t\t<script>\r\n\t\t\t\t\tvar htmlDivCss = unescape(\".hesperiden.tparrows%20%7B%0A%09cursor%3Apointer%3B%0A%09background%3Argba%280%2C0%2C0%2C0.5%29%3B%0A%09width%3A40px%3B%0A%09height%3A40px%3B%0A%09position%3Aabsolute%3B%0A%09display%3Ablock%3B%0A%09z-index%3A100%3B%0A%20%20%20%20border-radius%3A%2050%25%3B%0A%7D%0A.hesperiden.tparrows%3Ahover%20%7B%0A%09background%3Argba%280%2C%200%2C%200%2C%201%29%3B%0A%7D%0A.hesperiden.tparrows%3Abefore%20%7B%0A%09font-family%3A%20%22revicons%22%3B%0A%09font-size%3A20px%3B%0A%09color%3Argb%28255%2C%20255%2C%20255%29%3B%0A%09display%3Ablock%3B%0A%09line-height%3A%2040px%3B%0A%09text-align%3A%20center%3B%0A%7D%0A.hesperiden.tparrows.tp-leftarrow%3Abefore%20%7B%0A%09content%3A%20%22%5Ce82c%22%3B%0A%20%20%20%20margin-left%3A-3px%3B%0A%7D%0A.hesperiden.tparrows.tp-rightarrow%3Abefore%20%7B%0A%09content%3A%20%22%5Ce82d%22%3B%0A%20%20%20%20margin-right%3A-3px%3B%0A%7D%0A\");\r\n\t\t\t\t\tvar htmlDiv = document.getElementById('rs-plugin-settings-inline-css');\r\n\t\t\t\t\tif(htmlDiv) {\r\n\t\t\t\t\t\thtmlDiv.innerHTML = htmlDiv.innerHTML + htmlDivCss;\r\n\t\t\t\t\t}\r\n\t\t\t\t\telse{\r\n\t\t\t\t\t\tvar htmlDiv = document.createElement('div');\r\n\t\t\t\t\t\thtmlDiv.innerHTML = '<style>' + htmlDivCss + '<\/style>';\r\n\t\t\t\t\t\tdocument.getElementsByTagName('head')[0].appendChild(htmlDiv.childNodes[0]);\r\n\t\t\t\t\t}\r\n\t\t\t\t  <\/script>\r\n\t\t\t\t<\/div><!-- END REVOLUTION SLIDER -->\t\t\t<\/div>\n\t\t\t<\/aside><\/div>[\/vc_column][\/vc_row][vc_row][vc_column][vc_empty_space height=&#8221;1em&#8221; alter_height=&#8221;none&#8221; hide_on_mobile=&#8221;&#8221;][vc_empty_space height=&#8221;1em&#8221; alter_height=&#8221;none&#8221; hide_on_mobile=&#8221;1&#8243;]<div class=\"sc_layouts sc_layouts_default sc_layouts_315\">[vc_row][vc_column icons_position=\"left\"][vc_row_inner][vc_column_inner width=\"1\/6\" icons_position=\"left\"][\/vc_column_inner][vc_column_inner width=\"2\/3\" icons_position=\"left\"]<div id=\"sc_title_1894778745\"\n\t\tclass=\"sc_title color_style_default sc_title_default\"><h6 class=\"sc_item_subtitle sc_title_subtitle sc_align_center sc_item_title_style_default\">i\u015f, ticaret, ceza, icra ve iflas hukuku<\/h6><h3 class=\"sc_item_title sc_title_title sc_align_center sc_item_title_style_default\">Hukuki Anla\u015fmazl\u0131klar\u0131na Nitelikli ve H\u0131zl\u0131 \u00c7\u00f6z\u00fcmler<\/h3><div class=\"sc_item_descr sc_title_descr sc_align_center\"><p>T\u00fcrkiye\u2019nin h\u0131zl\u0131 ekonomik geli\u015fimi ve artan yabanc\u0131 yat\u0131r\u0131mlar, hukuki anla\u015fmazl\u0131klar\u0131n yan\u0131 s\u0131ra ceza soru\u015fturma ve kovu\u015fturmalar\u0131n\u0131n da artmas\u0131na sebep olmu\u015ftur. Ceza Hukuku departman\u0131m\u0131z bu alandaki t\u00fcm ihtiya\u00e7lar\u0131 etkili bir bi\u00e7imde kar\u015f\u0131lamaktad\u0131r.<\/p>\n<\/div><\/div><!-- \/.sc_title -->[\/vc_column_inner][vc_column_inner width=\"1\/6\" icons_position=\"left\"][\/vc_column_inner][\/vc_row_inner][vc_empty_space height=\"1.5em\" alter_height=\"none\" hide_on_mobile=\"\"]<div id=\"sc_services_1531194526\" class=\"sc_services color_style_default sc_services_default sc_services_featured_top\"><div class=\"sc_services_columns_wrap sc_item_columns sc_item_columns_4 trx_addons_columns_wrap columns_padding_bottom\"><div class=\"trx_addons_column-1_4\"><div class=\"sc_services_item with_content with_icon sc_services_item_featured_top\">\n\t<a href=\"https:\/\/erhanturkan.com.tr\/?cpt_services=website-design-3\"\n\t\t\t id=\"sc_services_1531194526_icon-tools-2\"\n\t\t\t class=\"sc_services_item_icon icon-tools-2\" style=\"color:#dd9933\"><\/a>\t\n\t<div class=\"sc_services_item_info\">\n\t\t<div class=\"sc_services_item_header\">\n\t\t\t<h4 class=\"sc_services_item_title\"><a href=\"https:\/\/erhanturkan.com.tr\/?cpt_services=website-design-3\">\u0130\u015e HUKUKU<\/a><\/h4>\n\t\t<\/div>\n\t\t\t\t\t<div class=\"sc_services_item_content\"><p>\u0130\u015f hukuku i\u015f\u00e7i, i\u015fveren, sendikalar ve h\u00fck\u00fcmet aras\u0131ndaki ili\u015fkiyi arac\u0131l\u0131k eder. Toplu i\u015f hukuku \u00e7al\u0131\u015fan\u0131, i\u015fveren ve sendika aras\u0131nda \u00fc\u00e7l\u00fc bir ili\u015fki ile ilgilidir.<\/p>\n<\/div>\n\t\t\t<\/div>\n<\/div>\n<\/div><div class=\"trx_addons_column-1_4\"><div class=\"sc_services_item with_content with_icon sc_services_item_featured_top\">\n\t<a href=\"https:\/\/erhanturkan.com.tr\/?cpt_services=customer-support-3\"\n\t\t\t id=\"sc_services_1531194526_icon-checkbox-2\"\n\t\t\t class=\"sc_services_item_icon icon-checkbox-2\" style=\"color:#dd9933\"><\/a>\t\n\t<div class=\"sc_services_item_info\">\n\t\t<div class=\"sc_services_item_header\">\n\t\t\t<h4 class=\"sc_services_item_title\"><a href=\"https:\/\/erhanturkan.com.tr\/?cpt_services=customer-support-3\">T\u0130CARET HUKUKU<\/a><\/h4>\n\t\t<\/div>\n\t\t\t\t\t<div class=\"sc_services_item_content\"><p>Yerli ve yabanc\u0131 bir\u00e7ok firmaya ticari operasyonlarda, birle\u015fme, ayr\u0131lma ve sat\u0131n almalarda \u00f6zellikle de karma\u015f\u0131k ticari ili\u015fkilerde bir\u00e7ok y\u00f6nde hukuki yard\u0131m sunmaktad\u0131r ve bu alanlar genel olarak;<\/p>\n<\/div>\n\t\t\t<\/div>\n<\/div>\n<\/div><div class=\"trx_addons_column-1_4\"><div class=\"sc_services_item with_content with_icon sc_services_item_featured_top\">\n\t<a href=\"https:\/\/erhanturkan.com.tr\/?cpt_services=development-3\"\n\t\t\t id=\"sc_services_1531194526_icon-child\"\n\t\t\t class=\"sc_services_item_icon icon-child\" style=\"color:#dd9933\"><\/a>\t\n\t<div class=\"sc_services_item_info\">\n\t\t<div class=\"sc_services_item_header\">\n\t\t\t<h4 class=\"sc_services_item_title\"><a href=\"https:\/\/erhanturkan.com.tr\/?cpt_services=development-3\">CEZA HUKUKU<\/a><\/h4>\n\t\t<\/div>\n\t\t\t\t\t<div class=\"sc_services_item_content\"><p>T\u00fcrkiye\u2019nin h\u0131zl\u0131 ekonomik geli\u015fimi ve artan yabanc\u0131 yat\u0131r\u0131mlar, hukuki anla\u015fmazl\u0131klar\u0131n yan\u0131 s\u0131ra ceza soru\u015fturma ve kovu\u015fturmalar\u0131n\u0131n da artmas\u0131na sebep olmu\u015ftur. Ceza Hukuku departman\u0131m\u0131z bu alandaki t\u00fcm ihtiya\u00e7lar\u0131 etkili bir bi\u00e7imde kar\u015f\u0131lamaktad\u0131r.<\/p>\n<\/div>\n\t\t\t<\/div>\n<\/div>\n<\/div><div class=\"trx_addons_column-1_4\"><div class=\"sc_services_item with_content with_icon sc_services_item_featured_top\">\n\t<a href=\"https:\/\/erhanturkan.com.tr\/?cpt_services=branding-identity-2\"\n\t\t\t id=\"sc_services_1531194526_icon-hourglass\"\n\t\t\t class=\"sc_services_item_icon icon-hourglass\" style=\"color:#dd9933\"><\/a>\t\n\t<div class=\"sc_services_item_info\">\n\t\t<div class=\"sc_services_item_header\">\n\t\t\t<h4 class=\"sc_services_item_title\"><a href=\"https:\/\/erhanturkan.com.tr\/?cpt_services=branding-identity-2\">\u0130CRA VE \u0130FLAS HUKUKU<\/a><\/h4>\n\t\t<\/div>\n\t\t\t\t\t<div class=\"sc_services_item_content\"><p>Alacakl\u0131n\u0131n alaca\u011f\u0131na en kolay ve h\u0131zl\u0131 yollardan kavu\u015fabilmesi i\u00e7in devlet g\u00fcc\u00fcnden yararlanma imk\u00e2n\u0131 sa\u011flayan bir hukuk dal\u0131d\u0131r. Bu hukuk alan\u0131, 2004 say\u0131l\u0131 \u0130cra ve \u0130flas Kanunu ile d\u00fczenlenmi\u015ftir. Bu hukuk dal\u0131 sayesinde borcunu \u00f6demeyen bor\u00e7lunun devlet zoruyla ta\u015f\u0131n\u0131r ve ta\u015f\u0131nmaz varl\u0131klar\u0131na el konulmas\u0131sa\u011flan\u0131r.<\/p>\n<\/div>\n\t\t\t<\/div>\n<\/div>\n<\/div><\/div><\/div><!-- \/.sc_services -->[\/vc_column][\/vc_row]<\/div>[vc_empty_space height=&#8221;1em&#8221; alter_height=&#8221;none&#8221; hide_on_mobile=&#8221;&#8221;][\/vc_column][\/vc_row][vc_row][vc_column]<div class=\"sc_layouts sc_layouts_default sc_layouts_358\">[vc_row full_width=\"stretch_row\" css=\".vc_custom_1566208298632{background-color: #f5f5f5 !important;background-position: center !important;background-repeat: no-repeat !important;background-size: cover !important;}\"][vc_column icons_position=\"left\"][vc_empty_space height=\"5em\" alter_height=\"none\" hide_on_mobile=\"1,3\"][vc_row_inner content_placement=\"middle\"][vc_column_inner width=\"1\/2\" icons_position=\"left\"]<div id=\"sc_content_1860089726\"\n\t\tclass=\"sc_content color_style_default sc_content_default sc_content_width_80p sc_float_left\"><div class=\"sc_content_container\">[vc_empty_space height=\"2.5em\" alter_height=\"none\" hide_on_mobile=\"\"]<div id=\"sc_title_1042784132\"\n\t\tclass=\"sc_title color_style_default sc_title_default\"><h6 class=\"sc_item_subtitle sc_title_subtitle sc_align_left sc_item_title_style_default\">Hakk\u0131m\u0131zda<\/h6><h3 class=\"sc_item_title sc_title_title sc_align_left sc_item_title_style_default\">Erhan T\u00fcrkan Hukuk B\u00fcrosu<\/h3><\/div><!-- \/.sc_title -->[vc_empty_space height=\"2.1em\" alter_height=\"none\" hide_on_mobile=\"\"]<\/div><\/div><!-- \/.sc_content --><div id=\"sc_content_372018078\"\n\t\tclass=\"sc_content color_style_default sc_content_default sc_content_width_100p sc_float_left\"><div class=\"sc_content_container\">[vc_column_text]T\u00fcrkiye\u2019nin h\u0131zl\u0131 ekonomik geli\u015fimi ve artan yabanc\u0131 yat\u0131r\u0131mlar, hukuki anla\u015fmazl\u0131klar\u0131n yan\u0131 s\u0131ra ceza soru\u015fturma ve kovu\u015fturmalar\u0131n\u0131n da artmas\u0131na sebep olmu\u015ftur. Ceza Hukuku departman\u0131m\u0131z bu alandaki t\u00fcm ihtiya\u00e7lar\u0131 etkili bir bi\u00e7imde kar\u015f\u0131lamaktad\u0131r..[\/vc_column_text][vc_empty_space height=\"2.7em\" alter_height=\"none\" hide_on_mobile=\"\"]<a href=\"\/?page_id=794\" id=\"sc_button_390165024\" class=\"sc_button color_style_default sc_button_bordered sc_button_size_normal sc_button_icon_left\"><span class=\"sc_button_text\"><span class=\"sc_button_title\">Hakk\u0131m\u0131zda<\/span><\/span><!-- \/.sc_button_text --><\/a><!-- \/.sc_button -->[vc_empty_space height=\"3em\" alter_height=\"none\" hide_on_mobile=\"\"]<\/div><\/div><!-- \/.sc_content -->[\/vc_column_inner][vc_column_inner width=\"1\/2\" icons_position=\"left\"][vc_single_image image=\"1172\" img_size=\"full\"][\/vc_column_inner][\/vc_row_inner][vc_empty_space height=\"5em\" alter_height=\"none\" hide_on_mobile=\"\"][\/vc_column][\/vc_row]<\/div>[\/vc_column][\/vc_row][vc_row full_width=&#8221;stretch_row&#8221; css=&#8221;.vc_custom_1502886671540{background-color: #f5f5f5 !important;}&#8221;][vc_column][vc_empty_space height=&#8221;2em&#8221; alter_height=&#8221;none&#8221; hide_on_mobile=&#8221;&#8221;][vc_empty_space height=&#8221;2em&#8221; alter_height=&#8221;none&#8221; hide_on_mobile=&#8221;1&#8243;]<div id=\"sc_title_865272291\"\n\t\tclass=\"sc_title color_style_default sc_title_default\"><h6 class=\"sc_item_subtitle sc_title_subtitle sc_align_center sc_item_title_style_default\">Blog<\/h6><h3 class=\"sc_item_title sc_title_title sc_align_center sc_item_title_style_default\">B\u00fcromuz ve Hukuka Dair Haberler<\/h3><\/div><!-- \/.sc_title -->[vc_empty_space height=&#8221;2em&#8221; alter_height=&#8221;none&#8221; hide_on_mobile=&#8221;&#8221;][vc_empty_space height=&#8221;2.1em&#8221; alter_height=&#8221;none&#8221; hide_on_mobile=&#8221;&#8221;][vc_empty_space height=&#8221;2em&#8221; alter_height=&#8221;none&#8221; hide_on_mobile=&#8221;&#8221;][vc_empty_space height=&#8221;2em&#8221; alter_height=&#8221;none&#8221; hide_on_mobile=&#8221;1&#8243;][\/vc_column][\/vc_row]<\/p>\n","protected":false},"excerpt":{"rendered":"<p>[vc_row][vc_column][\/vc_column][\/vc_row][vc_row][vc_column][vc_empty_space height=&#8221;1em&#8221; alter_height=&#8221;none&#8221; hide_on_mobile=&#8221;&#8221;][vc_empty_space height=&#8221;1em&#8221; alter_height=&#8221;none&#8221; hide_on_mobile=&#8221;1&#8243;][vc_empty_space height=&#8221;1em&#8221; alter_height=&#8221;none&#8221; hide_on_mobile=&#8221;&#8221;][\/vc_column][\/vc_row][vc_row][vc_column][\/vc_column][\/vc_row][vc_row full_width=&#8221;stretch_row&#8221; css=&#8221;.vc_custom_1502886671540{background-color: #f5f5f5 !important;}&#8221;][vc_column][vc_empty_space height=&#8221;2em&#8221; alter_height=&#8221;none&#8221; hide_on_mobile=&#8221;&#8221;][vc_empty_space height=&#8221;2em&#8221; alter_height=&#8221;none&#8221; hide_on_mobile=&#8221;1&#8243;][vc_empty_space height=&#8221;2em&#8221; alter_height=&#8221;none&#8221; hide_on_mobile=&#8221;&#8221;][vc_empty_space height=&#8221;2.1em&#8221; alter_height=&#8221;none&#8221; hide_on_mobile=&#8221;&#8221;][vc_empty_space height=&#8221;2em&#8221; alter_height=&#8221;none&#8221; hide_on_mobile=&#8221;&#8221;][vc_empty_space height=&#8221;2em&#8221;&hellip;<\/p>\n","protected":false},"author":5,"featured_media":0,"parent":0,"menu_order":0,"comment_status":"closed","ping_status":"closed","template":"","meta":[],"_links":{"self":[{"href":"https:\/\/erhanturkan.com.tr\/index.php?rest_route=\/wp\/v2\/pages\/90"}],"collection":[{"href":"https:\/\/erhanturkan.com.tr\/index.php?rest_route=\/wp\/v2\/pages"}],"about":[{"href":"https:\/\/erhanturkan.com.tr\/index.php?rest_route=\/wp\/v2\/types\/page"}],"author":[{"embeddable":true,"href":"https:\/\/erhanturkan.com.tr\/index.php?rest_route=\/wp\/v2\/users\/5"}],"replies":[{"embeddable":true,"href":"https:\/\/erhanturkan.com.tr\/index.php?rest_route=%2Fwp%2Fv2%2Fcomments&post=90"}],"version-history":[{"count":8,"href":"https:\/\/erhanturkan.com.tr\/index.php?rest_route=\/wp\/v2\/pages\/90\/revisions"}],"predecessor-version":[{"id":1185,"href":"https:\/\/erhanturkan.com.tr\/index.php?rest_route=\/wp\/v2\/pages\/90\/revisions\/1185"}],"wp:attachment":[{"href":"https:\/\/erhanturkan.com.tr\/index.php?rest_route=%2Fwp%2Fv2%2Fmedia&parent=90"}],"curies":[{"name":"wp","href":"https:\/\/api.w.org\/{rel}","templated":true}]}}