{"id":84,"date":"2017-08-14T13:02:40","date_gmt":"2017-08-14T13:02:40","guid":{"rendered":"https:\/\/erhanturkan.com.tr\/?page_id=84"},"modified":"2025-06-17T13:52:42","modified_gmt":"2025-06-17T10:52:42","slug":"contacts","status":"publish","type":"page","link":"https:\/\/erhanturkan.com.tr\/?page_id=84","title":{"rendered":"\u0130leti\u015fim"},"content":{"rendered":"<p>[vc_row][vc_column][vc_empty_space height=&#8221;5em&#8221; alter_height=&#8221;none&#8221; hide_on_mobile=&#8221;&#8221;][vc_empty_space height=&#8221;5em&#8221; alter_height=&#8221;none&#8221; hide_on_mobile=&#8221;1&#8243;][\/vc_column][\/vc_row][vc_row][vc_column width=&#8221;1\/2&#8243;][vc_empty_space height=&#8221;2.9em&#8221; alter_height=&#8221;none&#8221; hide_on_mobile=&#8221;1&#8243;]<div id=\"sc_title_507478262\"\n\t\tclass=\"sc_title color_style_default sc_title_default\"><h6 class=\"sc_item_subtitle sc_title_subtitle sc_align_left sc_item_title_style_default\">Bizimle ileti\u015fime ge\u00e7in<\/h6><h3 class=\"sc_item_title sc_title_title sc_align_left sc_item_title_style_default\">\u0130leti\u015fim Bilgilerimiz<\/h3><div class=\"sc_item_descr sc_title_descr sc_align_left\"><p>Yerli ve yabanc\u0131 bir\u00e7ok firmaya ticari operasyonlarda, birle\u015fme, ayr\u0131lma ve sat\u0131n almalarda \u00f6zellikle de karma\u015f\u0131k ticari ili\u015fkilerde bir\u00e7ok y\u00f6nde hukuki yard\u0131m sunmaktad\u0131r ve bu alanlar genel olarak;<\/p>\n<\/div><\/div><!-- \/.sc_title --><div id=\"widget_contacts_1331982179\" class=\"widget_area sc_widget_contacts vc_widget_contacts wpb_content_element\"><aside id=\"widget_contacts_1331982179_widget\" class=\"widget widget_contacts\"><div class=\"contacts_wrap\"><div class=\"contacts_info\"><span class=\"contacts_email\"><span class=\"label\">GENERAL<\/span><a href=\"mailto:&#105;n&#102;&#111;&#64;erh&#97;&#110;&#116;ur&#107;&#97;n.&#99;o&#109;.&#116;&#114;\">&#105;nf&#111;&#64;&#101;r&#104;&#97;&#110;tur&#107;a&#110;.c&#111;m&#46;&#116;r<\/a><\/span><span class=\"contacts_address\"><span class=\"label\">LOCATION<\/span>Ye\u015filyurt Mah. Fevzi Pa\u015fa Cad. Saadet Sokak No: 19\/1 Ba\u015fiskele \/ KOCAEL\u0130<\/span><span class=\"contacts_phone\"><span class=\"label\">Phone<\/span><a href=\"tel:02623229638\" class=\"phone\">0262 322 96 38<\/a><\/span><\/div><\/div><!-- \/.contacts_wrap --><\/aside><\/div>[vc_empty_space height=&#8221;2.9em&#8221; alter_height=&#8221;none&#8221; hide_on_mobile=&#8221;&#8221;][\/vc_column][vc_column width=&#8221;1\/2&#8243;][vc_gmaps link=&#8221;#E-8_JTNDaWZyYW1lJTIwc3JjJTNEJTIyaHR0cHMlM0ElMkYlMkZ3d3cuZ29vZ2xlLmNvbSUyRm1hcHMlMkZlbWJlZCUzRnBiJTNEJTIxMW0xNyUyMTFtMTIlMjExbTMlMjExZDMwMjMuODQ2ODAwNzY2MDkzJTIxMmQyOS45NjU0MTY3MDAwMDAwMDIlMjEzZDQwLjcyMTM4ODklMjEybTMlMjExZjAlMjEyZjAlMjEzZjAlMjEzbTIlMjExaTEwMjQlMjEyaTc2OCUyMTRmMTMuMSUyMTNtMiUyMTFtMSUyMTJ6TkREQ3NEUXpKekUzTGpBaVRpQXlPY0t3TlRjbk5UVXVOU0pGJTIxNWUwJTIxM20yJTIxMXN0ciUyMTJzdHIlMjE0djE3NTAxNTY4NDk5ODMlMjE1bTIlMjExc3RyJTIxMnN0ciUyMiUyMHdpZHRoJTNEJTIyNjAwJTIyJTIwaGVpZ2h0JTNEJTIyNDUwJTIyJTIwc3R5bGUlM0QlMjJib3JkZXIlM0EwJTNCJTIyJTIwYWxsb3dmdWxsc2NyZWVuJTNEJTIyJTIyJTIwbG9hZGluZyUzRCUyMmxhenklMjIlMjByZWZlcnJlcnBvbGljeSUzRCUyMm5vLXJlZmVycmVyLXdoZW4tZG93bmdyYWRlJTIyJTNFJTNDJTJGaWZyYW1lJTNF&#8221;][\/vc_column][\/vc_row][vc_row][vc_column][vc_empty_space height=&#8221;5em&#8221; alter_height=&#8221;none&#8221; hide_on_mobile=&#8221;&#8221;][vc_empty_space height=&#8221;5em&#8221; alter_height=&#8221;none&#8221; hide_on_mobile=&#8221;1&#8243;][\/vc_column][\/vc_row][vc_row full_width=&#8221;stretch_row&#8221; css=&#8221;.vc_custom_1502823591049{background-color: #f5f5f5 !important;}&#8221;][vc_column width=&#8221;1\/6&#8243;][\/vc_column][vc_column width=&#8221;2\/3&#8243;][vc_empty_space height=&#8221;5.3em&#8221; alter_height=&#8221;none&#8221; hide_on_mobile=&#8221;&#8221;][vc_empty_space height=&#8221;5em&#8221; alter_height=&#8221;none&#8221; hide_on_mobile=&#8221;1&#8243;]<div id=\"sc_title_1600606407\"\n\t\tclass=\"sc_title color_style_default sc_title_default\"><h6 class=\"sc_item_subtitle sc_title_subtitle sc_align_center sc_item_title_style_default\">Sorununuzu A\u015fa\u011f\u0131daki Formu Kullanarak Bize \u0130letin<\/h6><h3 class=\"sc_item_title sc_title_title sc_align_center sc_item_title_style_default\">Mesaj G\u00f6nder<\/h3><\/div><!-- \/.sc_title -->[vc_empty_space height=&#8221;0.8em&#8221; alter_height=&#8221;none&#8221; hide_on_mobile=&#8221;&#8221;]<div\n\t id=\"sc_form_294888301\"\tclass=\"sc_form color_style_default sc_form_default\">\n\t<form class=\"sc_form_form \" method=\"post\" action=\"https:\/\/erhanturkan.com.tr\/wp-admin\/admin-ajax.php\">\t<div class=\"sc_form_details trx_addons_columns_wrap\"><div class=\"trx_addons_column-1_2\"><label class=\"sc_form_field sc_form_field_name sc_form_field_text required\"><span class=\"sc_form_field_wrap\"><input type=\"text\" \n\t\t\t\t\tname=\"name\"\n\t\t\t\t\tid=\"name_1734343339\"\n\t\t\t\t\tvalue=\"\" aria-required=\"true\" placeholder=\"Your name\"><\/span><\/label><\/div><div class=\"trx_addons_column-1_2\"><label class=\"sc_form_field sc_form_field_email sc_form_field_text required\"><span class=\"sc_form_field_wrap\"><input type=\"text\" \n\t\t\t\t\tname=\"email\"\n\t\t\t\t\tid=\"email_1773452355\"\n\t\t\t\t\tvalue=\"\" aria-required=\"true\" placeholder=\"Your e-mail\"><\/span><\/label><\/div><\/div><label class=\"sc_form_field sc_form_field_message sc_form_field_textarea required\"><span class=\"sc_form_field_wrap\"><textarea\n\t\t\t\tname=\"message\"\n\t\t\t\tid=\"message_1184606848\" aria-required=\"true\" placeholder=\"Your message\"><\/textarea><\/span><\/label><div class=\"sc_form_field sc_form_field_checkbox\"><input type=\"checkbox\" id=\"i_agree_privacy_policy_sc_form_1\" name=\"i_agree_privacy_policy\" class=\"sc_form_privacy_checkbox\" value=\"1\">\n            <label for=\"i_agree_privacy_policy_sc_form_1\">I agree that my submitted data is being collected and stored.<\/label>\n            <\/div><div class=\"sc_form_field sc_form_field_button\"><button  disabled=\"disabled\">Send Message<\/button><\/div>\n\t\t<div class=\"trx_addons_message_box sc_form_result\"><\/div>\n\t\t<\/form><\/div><!-- \/.sc_form -->[vc_empty_space height=&#8221;5em&#8221; alter_height=&#8221;none&#8221; hide_on_mobile=&#8221;&#8221;][vc_empty_space height=&#8221;4.6em&#8221; alter_height=&#8221;none&#8221; hide_on_mobile=&#8221;1&#8243;][\/vc_column][vc_column width=&#8221;1\/6&#8243;][\/vc_column][\/vc_row]<\/p>\n","protected":false},"excerpt":{"rendered":"<p>[vc_row][vc_column][vc_empty_space height=&#8221;5em&#8221; alter_height=&#8221;none&#8221; hide_on_mobile=&#8221;&#8221;][vc_empty_space height=&#8221;5em&#8221; alter_height=&#8221;none&#8221; hide_on_mobile=&#8221;1&#8243;][\/vc_column][\/vc_row][vc_row][vc_column width=&#8221;1\/2&#8243;][vc_empty_space height=&#8221;2.9em&#8221; alter_height=&#8221;none&#8221; hide_on_mobile=&#8221;1&#8243;][vc_empty_space height=&#8221;2.9em&#8221; alter_height=&#8221;none&#8221; hide_on_mobile=&#8221;&#8221;][\/vc_column][vc_column width=&#8221;1\/2&#8243;][vc_gmaps link=&#8221;#E-8_JTNDaWZyYW1lJTIwc3JjJTNEJTIyaHR0cHMlM0ElMkYlMkZ3d3cuZ29vZ2xlLmNvbSUyRm1hcHMlMkZlbWJlZCUzRnBiJTNEJTIxMW0xNyUyMTFtMTIlMjExbTMlMjExZDMwMjMuODQ2ODAwNzY2MDkzJTIxMmQyOS45NjU0MTY3MDAwMDAwMDIlMjEzZDQwLjcyMTM4ODklMjEybTMlMjExZjAlMjEyZjAlMjEzZjAlMjEzbTIlMjExaTEwMjQlMjEyaTc2OCUyMTRmMTMuMSUyMTNtMiUyMTFtMSUyMTJ6TkREQ3NEUXpKekUzTGpBaVRpQXlPY0t3TlRjbk5UVXVOU0pGJTIxNWUwJTIxM20yJTIxMXN0ciUyMTJzdHIlMjE0djE3NTAxNTY4NDk5ODMlMjE1bTIlMjExc3RyJTIxMnN0ciUyMiUyMHdpZHRoJTNEJTIyNjAwJTIyJTIwaGVpZ2h0JTNEJTIyNDUwJTIyJTIwc3R5bGUlM0QlMjJib3JkZXIlM0EwJTNCJTIyJTIwYWxsb3dmdWxsc2NyZWVuJTNEJTIyJTIyJTIwbG9hZGluZyUzRCUyMmxhenklMjIlMjByZWZlcnJlcnBvbGljeSUzRCUyMm5vLXJlZmVycmVyLXdoZW4tZG93bmdyYWRlJTIyJTNFJTNDJTJGaWZyYW1lJTNF&#8221;][\/vc_column][\/vc_row][vc_row][vc_column][vc_empty_space height=&#8221;5em&#8221; alter_height=&#8221;none&#8221; hide_on_mobile=&#8221;&#8221;][vc_empty_space height=&#8221;5em&#8221; alter_height=&#8221;none&#8221; hide_on_mobile=&#8221;1&#8243;][\/vc_column][\/vc_row][vc_row full_width=&#8221;stretch_row&#8221; css=&#8221;.vc_custom_1502823591049{background-color: #f5f5f5 !important;}&#8221;][vc_column width=&#8221;1\/6&#8243;][\/vc_column][vc_column width=&#8221;2\/3&#8243;][vc_empty_space height=&#8221;5.3em&#8221; alter_height=&#8221;none&#8221;&hellip;<\/p>\n","protected":false},"author":5,"featured_media":0,"parent":0,"menu_order":0,"comment_status":"closed","ping_status":"closed","template":"","meta":[],"_links":{"self":[{"href":"https:\/\/erhanturkan.com.tr\/index.php?rest_route=\/wp\/v2\/pages\/84"}],"collection":[{"href":"https:\/\/erhanturkan.com.tr\/index.php?rest_route=\/wp\/v2\/pages"}],"about":[{"href":"https:\/\/erhanturkan.com.tr\/index.php?rest_route=\/wp\/v2\/types\/page"}],"author":[{"embeddable":true,"href":"https:\/\/erhanturkan.com.tr\/index.php?rest_route=\/wp\/v2\/users\/5"}],"replies":[{"embeddable":true,"href":"https:\/\/erhanturkan.com.tr\/index.php?rest_route=%2Fwp%2Fv2%2Fcomments&post=84"}],"version-history":[{"count":9,"href":"https:\/\/erhanturkan.com.tr\/index.php?rest_route=\/wp\/v2\/pages\/84\/revisions"}],"predecessor-version":[{"id":1243,"href":"https:\/\/erhanturkan.com.tr\/index.php?rest_route=\/wp\/v2\/pages\/84\/revisions\/1243"}],"wp:attachment":[{"href":"https:\/\/erhanturkan.com.tr\/index.php?rest_route=%2Fwp%2Fv2%2Fmedia&parent=84"}],"curies":[{"name":"wp","href":"https:\/\/api.w.org\/{rel}","templated":true}]}}