{"id":794,"date":"2018-02-02T16:38:37","date_gmt":"2018-02-02T16:38:37","guid":{"rendered":"https:\/\/erhanturkan.com.tr\/?page_id=794"},"modified":"2019-08-19T13:31:18","modified_gmt":"2019-08-19T10:31:18","slug":"service-plus","status":"publish","type":"page","link":"https:\/\/erhanturkan.com.tr\/?page_id=794","title":{"rendered":"Hakk\u0131m\u0131zda"},"content":{"rendered":"<p>[vc_row][vc_column][vc_column_text]<\/p>\n<div class=\"vc_row wpb_row vc_inner vc_row-fluid\">\n<div class=\"wpb_column vc_column_container vc_col-sm-8 sc_layouts_column_icons_position_left\">\n<div class=\"vc_column-inner \">\n<div class=\"wpb_wrapper\">\n<div id=\"sc_title_2086933493\" class=\"sc_title color_style_default sc_title_default\">\n<div class=\"sc_item_descr sc_title_descr sc_align_center\">\n<p><strong>T\u00fcrkiye\u2019nin h\u0131zl\u0131 ekonomik geli\u015fimi ve artan yabanc\u0131 yat\u0131r\u0131mlar, hukuki anla\u015fmazl\u0131klar\u0131n yan\u0131 s\u0131ra ceza soru\u015fturma ve kovu\u015fturmalar\u0131n\u0131n da artmas\u0131na sebep olmu\u015ftur. Ceza Hukuku departman\u0131m\u0131z bu alandaki t\u00fcm ihtiya\u00e7lar\u0131 etkili bir bi\u00e7imde kar\u015f\u0131lamaktad\u0131r.<\/strong><\/p>\n<\/div>\n<\/div>\n<\/div>\n<\/div>\n<\/div>\n<div class=\"wpb_column vc_column_container vc_col-sm-2 sc_layouts_column_icons_position_left\">\n<div class=\"vc_column-inner \">\n<div class=\"wpb_wrapper\"><\/div>\n<\/div>\n<\/div>\n<\/div>\n<div class=\"vc_empty_space\"><\/div>\n<p>[\/vc_column_text][vc_separator style=&#8221;dashed&#8221;][\/vc_column][\/vc_row]<\/p>\n","protected":false},"excerpt":{"rendered":"<p>[vc_row][vc_column][vc_column_text] T\u00fcrkiye\u2019nin h\u0131zl\u0131 ekonomik geli\u015fimi ve artan yabanc\u0131 yat\u0131r\u0131mlar, hukuki anla\u015fmazl\u0131klar\u0131n yan\u0131 s\u0131ra ceza soru\u015fturma ve kovu\u015fturmalar\u0131n\u0131n da artmas\u0131na sebep olmu\u015ftur. Ceza Hukuku departman\u0131m\u0131z bu alandaki t\u00fcm ihtiya\u00e7lar\u0131 etkili bir&hellip;<\/p>\n","protected":false},"author":5,"featured_media":0,"parent":0,"menu_order":0,"comment_status":"closed","ping_status":"closed","template":"","meta":[],"_links":{"self":[{"href":"https:\/\/erhanturkan.com.tr\/index.php?rest_route=\/wp\/v2\/pages\/794"}],"collection":[{"href":"https:\/\/erhanturkan.com.tr\/index.php?rest_route=\/wp\/v2\/pages"}],"about":[{"href":"https:\/\/erhanturkan.com.tr\/index.php?rest_route=\/wp\/v2\/types\/page"}],"author":[{"embeddable":true,"href":"https:\/\/erhanturkan.com.tr\/index.php?rest_route=\/wp\/v2\/users\/5"}],"replies":[{"embeddable":true,"href":"https:\/\/erhanturkan.com.tr\/index.php?rest_route=%2Fwp%2Fv2%2Fcomments&post=794"}],"version-history":[{"count":1,"href":"https:\/\/erhanturkan.com.tr\/index.php?rest_route=\/wp\/v2\/pages\/794\/revisions"}],"predecessor-version":[{"id":1161,"href":"https:\/\/erhanturkan.com.tr\/index.php?rest_route=\/wp\/v2\/pages\/794\/revisions\/1161"}],"wp:attachment":[{"href":"https:\/\/erhanturkan.com.tr\/index.php?rest_route=%2Fwp%2Fv2%2Fmedia&parent=794"}],"curies":[{"name":"wp","href":"https:\/\/api.w.org\/{rel}","templated":true}]}}